{"id":115,"date":"2017-12-12T17:12:49","date_gmt":"2017-12-12T16:12:49","guid":{"rendered":"http:\/\/kfz-reparatur-klein.de\/?page_id=115"},"modified":"2024-11-23T22:13:59","modified_gmt":"2024-11-23T21:13:59","slug":"impressum","status":"publish","type":"page","link":"http:\/\/kfz-reparatur-klein.de\/?page_id=115","title":{"rendered":"Impressum"},"content":{"rendered":"\n<div class=\"wp-block-cover alignfull is-repeated\" style=\"margin-top:0;margin-bottom:0;padding-top:0;padding-right:0;padding-bottom:0;padding-left:0;min-height:100px;aspect-ratio:unset;\"><span aria-hidden=\"true\" class=\"wp-block-cover__background has-background-dim-100 has-background-dim\" style=\"background-color:#125c43\"><\/span><div class=\"wp-block-cover__image-background wp-image-92 is-repeated\" style=\"background-position:50% 50%;background-image:url(http:\/\/kfz-reparatur-klein.de\/wp-content\/uploads\/2016\/07\/home_medic2_subheader2-1.jpg)\"><\/div><div class=\"wp-block-cover__inner-container is-layout-constrained wp-container-core-cover-is-layout-b95b696d wp-block-cover-is-layout-constrained\">\n<p class=\"has-text-align-center has-ast-global-color-5-color has-text-color has-link-color has-large-font-size wp-elements-6864a32eeb3e0bf6de1e826e88b7472f\" style=\"margin-top:0;margin-right:0;margin-bottom:0;margin-left:0;padding-top:0;padding-right:0;padding-bottom:0;padding-left:0\"><strong>Impressum<\/strong><\/p>\n<\/div><\/div>\n\n\n\n<div style=\"height:50px\" aria-hidden=\"true\" class=\"wp-block-spacer\"><\/div>\n\n\n\n<p style=\"margin-top:0;margin-right:0;margin-bottom:0;margin-left:0;padding-top:0;padding-right:0;padding-bottom:0;padding-left:0\">Kfz-Meisterbetrieb Wolfgang Klein<br>Freie Werksatt<br><br>Borsigstr. 1a<br>68723 Schwetzingen<br><br>Mobil: 0160 994 858 01<br>Festnetz:<br><br>E-Mail:<a href=\"mailto: info@kfz-reparatur-klein.de\">info@kfz-reparatur-klein.de<\/a><br><br>Umsatzsteuer ID: DE315311305<br><br><br>Datenschutzhinweis:<br>Ihre personenbezogenen Daten werden bei uns vertraulich behandelt. Ihre pers\u00f6nlichen Daten, die Sie uns im Rahmen einer Kontaktaufnahme zur Verf\u00fcgung stellen, werden bei uns gespeichert und im Rahmen der Kontaktaufahme verarbeitet. Hier handelt es sich in der Regel um Ihren Namen, Ihre E-Mail-Adresse, Ihre Anschrift, Ihre Telefonnummer oder Telefaxnummer.<br><br>Wir nutzen Ihre Daten, um Ihnen attraktive Angebote zusenden zu k\u00f6nnen. Wir nutzen Ihre Daten f\u00fcr eigene Zwecke, geben diese jedoch NICHT an Dritte weiter. Der Nutzung Ihrer pers\u00f6nlichen Daten k\u00f6nnen Sie jederzeit durch schriftliche Mitteilung an uns oder per Mail an uns widersprechen. Nach Erhalt Ihres Widerrufes werden wir die weitere Zusendung von Informationen umgehend einstellen.<br><br>Ver\u00e4nderungen unseres Gesch\u00e4ftes sowie Gesetzes\u00e4nderungen k\u00f6nnen unsere Datenschutzbedingungen beeinflussen. Diese werden wir entsprechend aktualisieren und an dieser Stelle ver\u00f6ffentlichen.<\/p>\n","protected":false},"excerpt":{"rendered":"<p>Kfz-Meisterbetrieb Wolfgang KleinFreie Werksatt Borsigstr. 1a68723 Schwetzingen Mobil: 0160 994 858 01Festnetz: E-Mail:info@kfz-reparatur-klein.de Umsatzsteuer ID: DE315311305 Datenschutzhinweis:Ihre personenbezogenen Daten werden [&hellip;]<\/p>\n","protected":false},"author":1,"featured_media":0,"parent":0,"menu_order":0,"comment_status":"closed","ping_status":"closed","template":"","meta":{"site-sidebar-layout":"default","site-content-layout":"","ast-site-content-layout":"","site-content-style":"default","site-sidebar-style":"default","ast-global-header-display":"","ast-banner-title-visibility":"","ast-main-header-display":"","ast-hfb-above-header-display":"","ast-hfb-below-header-display":"","ast-hfb-mobile-header-display":"","site-post-title":"","ast-breadcrumbs-content":"","ast-featured-img":"","footer-sml-layout":"","theme-transparent-header-meta":"","adv-header-id-meta":"","stick-header-meta":"","header-above-stick-meta":"","header-main-stick-meta":"","header-below-stick-meta":"","astra-migrate-meta-layouts":"default","ast-page-background-enabled":"default","ast-page-background-meta":{"desktop":{"background-color":"var(--ast-global-color-4)","background-image":"","background-repeat":"repeat","background-position":"center center","background-size":"auto","background-attachment":"scroll","background-type":"","background-media":"","overlay-type":"","overlay-color":"","overlay-opacity":"","overlay-gradient":""},"tablet":{"background-color":"","background-image":"","background-repeat":"repeat","background-position":"center center","background-size":"auto","background-attachment":"scroll","background-type":"","background-media":"","overlay-type":"","overlay-color":"","overlay-opacity":"","overlay-gradient":""},"mobile":{"background-color":"","background-image":"","background-repeat":"repeat","background-position":"center center","background-size":"auto","background-attachment":"scroll","background-type":"","background-media":"","overlay-type":"","overlay-color":"","overlay-opacity":"","overlay-gradient":""}},"ast-content-background-meta":{"desktop":{"background-color":"var(--ast-global-color-5)","background-image":"","background-repeat":"repeat","background-position":"center center","background-size":"auto","background-attachment":"scroll","background-type":"","background-media":"","overlay-type":"","overlay-color":"","overlay-opacity":"","overlay-gradient":""},"tablet":{"background-color":"var(--ast-global-color-5)","background-image":"","background-repeat":"repeat","background-position":"center center","background-size":"auto","background-attachment":"scroll","background-type":"","background-media":"","overlay-type":"","overlay-color":"","overlay-opacity":"","overlay-gradient":""},"mobile":{"background-color":"var(--ast-global-color-5)","background-image":"","background-repeat":"repeat","background-position":"center center","background-size":"auto","background-attachment":"scroll","background-type":"","background-media":"","overlay-type":"","overlay-color":"","overlay-opacity":"","overlay-gradient":""}},"footnotes":""},"class_list":["post-115","page","type-page","status-publish","hentry"],"_links":{"self":[{"href":"http:\/\/kfz-reparatur-klein.de\/index.php?rest_route=\/wp\/v2\/pages\/115","targetHints":{"allow":["GET"]}}],"collection":[{"href":"http:\/\/kfz-reparatur-klein.de\/index.php?rest_route=\/wp\/v2\/pages"}],"about":[{"href":"http:\/\/kfz-reparatur-klein.de\/index.php?rest_route=\/wp\/v2\/types\/page"}],"author":[{"embeddable":true,"href":"http:\/\/kfz-reparatur-klein.de\/index.php?rest_route=\/wp\/v2\/users\/1"}],"replies":[{"embeddable":true,"href":"http:\/\/kfz-reparatur-klein.de\/index.php?rest_route=%2Fwp%2Fv2%2Fcomments&post=115"}],"version-history":[{"count":10,"href":"http:\/\/kfz-reparatur-klein.de\/index.php?rest_route=\/wp\/v2\/pages\/115\/revisions"}],"predecessor-version":[{"id":366,"href":"http:\/\/kfz-reparatur-klein.de\/index.php?rest_route=\/wp\/v2\/pages\/115\/revisions\/366"}],"wp:attachment":[{"href":"http:\/\/kfz-reparatur-klein.de\/index.php?rest_route=%2Fwp%2Fv2%2Fmedia&parent=115"}],"curies":[{"name":"wp","href":"https:\/\/api.w.org\/{rel}","templated":true}]}}